{"id":1187,"date":"2026-03-10T13:49:05","date_gmt":"2026-03-10T13:49:05","guid":{"rendered":"https:\/\/campaign.burri-solar.ch\/?page_id=1187"},"modified":"2026-03-13T09:56:42","modified_gmt":"2026-03-13T09:56:42","slug":"impressum","status":"publish","type":"page","link":"https:\/\/campaign.burri-solar.ch\/fr\/impressum\/","title":{"rendered":"Impressum"},"content":{"rendered":"\n<p><strong>Exploitant du site web<\/strong><\/p>\n\n\n\n<p>Burri Solar S\u00e0rl<br>Erlenstrasse 48<br>2555 Br\u00fcgg BE<br>Suisse<\/p>\n\n\n\n<p>E-mail : <a href=\"mailto:info@burri-solar.ch\">info@burri-solar.ch<\/a><br>T\u00e9l\u00e9phone : +41 79 782 58 54<\/p>\n\n\n\n<p>Si inscrit au registre du commerce suisse :<br>Raison sociale : Burri Solar S\u00e0rl<br>Num\u00e9ro IDE \/ CHE : CHE-179.169.929<\/p>\n\n\n\n<p>Num\u00e9ro de TVA: CHE-179.169.929<\/p>\n\n\n\n<p><strong>Responsable du contenu du site web<\/strong><\/p>\n\n\n\n<p>Burri Solar S\u00e0rl<\/p>\n\n\n\n<p><strong>Contact<\/strong><\/p>\n\n\n\n<p>Pour toute demande concernant ce site web ou son contenu, veuillez nous contacter \u00e0 :<br><a href=\"mailto:info@burri-solar.ch\">info@burri-solar.ch<\/a><br><\/p>\n","protected":false},"excerpt":{"rendered":"<p>Exploitant du site web Burri Solar S\u00e0rlErlenstrasse 482555 Br\u00fcgg BESuisse E-mail : info@burri-solar.chT\u00e9l\u00e9phone : +41 79 782 58 54 Si [&hellip;]<\/p>\n","protected":false},"author":1,"featured_media":0,"parent":0,"menu_order":0,"comment_status":"closed","ping_status":"closed","template":"","meta":{"_uag_custom_page_level_css":"","site-sidebar-layout":"default","site-content-layout":"","ast-site-content-layout":"default","site-content-style":"default","site-sidebar-style":"default","ast-global-header-display":"","ast-banner-title-visibility":"","ast-main-header-display":"","ast-hfb-above-header-display":"","ast-hfb-below-header-display":"","ast-hfb-mobile-header-display":"","site-post-title":"","ast-breadcrumbs-content":"","ast-featured-img":"","footer-sml-layout":"","ast-disable-related-posts":"","theme-transparent-header-meta":"","adv-header-id-meta":"","stick-header-meta":"","header-above-stick-meta":"","header-main-stick-meta":"","header-below-stick-meta":"","astra-migrate-meta-layouts":"default","ast-page-background-enabled":"default","ast-page-background-meta":{"desktop":{"background-color":"var(--ast-global-color-5)","background-image":"","background-repeat":"repeat","background-position":"center center","background-size":"auto","background-attachment":"scroll","background-type":"","background-media":"","overlay-type":"","overlay-color":"","overlay-opacity":"","overlay-gradient":""},"tablet":{"background-color":"","background-image":"","background-repeat":"repeat","background-position":"center center","background-size":"auto","background-attachment":"scroll","background-type":"","background-media":"","overlay-type":"","overlay-color":"","overlay-opacity":"","overlay-gradient":""},"mobile":{"background-color":"","background-image":"","background-repeat":"repeat","background-position":"center center","background-size":"auto","background-attachment":"scroll","background-type":"","background-media":"","overlay-type":"","overlay-color":"","overlay-opacity":"","overlay-gradient":""}},"ast-content-background-meta":{"desktop":{"background-color":"var(--ast-global-color-4)","background-image":"","background-repeat":"repeat","background-position":"center center","background-size":"auto","background-attachment":"scroll","background-type":"","background-media":"","overlay-type":"","overlay-color":"","overlay-opacity":"","overlay-gradient":""},"tablet":{"background-color":"var(--ast-global-color-4)","background-image":"","background-repeat":"repeat","background-position":"center center","background-size":"auto","background-attachment":"scroll","background-type":"","background-media":"","overlay-type":"","overlay-color":"","overlay-opacity":"","overlay-gradient":""},"mobile":{"background-color":"var(--ast-global-color-4)","background-image":"","background-repeat":"repeat","background-position":"center center","background-size":"auto","background-attachment":"scroll","background-type":"","background-media":"","overlay-type":"","overlay-color":"","overlay-opacity":"","overlay-gradient":""}},"footnotes":""},"class_list":["post-1187","page","type-page","status-publish","hentry"],"spectra_custom_meta":{"_edit_lock":["1773395840:1"],"rank_math_seo_score":["9"],"rank_math_internal_links_processed":["1"],"_wpml_word_count":["61"],"_edit_last":["1"],"copied_media_ids":["a:0:{}"],"referenced_media_ids":["a:0:{}"],"_wpml_location_migration_done":["1"],"_uag_css_file_name":["uag-css-1187.css"],"_uag_page_assets":["a:9:{s:3:\"css\";s:263:\".uag-blocks-common-selector{z-index:var(--z-index-desktop) !important}@media (max-width: 976px){.uag-blocks-common-selector{z-index:var(--z-index-tablet) !important}}@media (max-width: 767px){.uag-blocks-common-selector{z-index:var(--z-index-mobile) !important}}\n\";s:2:\"js\";s:0:\"\";s:18:\"current_block_list\";a:8:{i:0;s:14:\"core\/paragraph\";i:1;s:11:\"core\/search\";i:2;s:10:\"core\/group\";i:3;s:12:\"core\/heading\";i:4;s:17:\"core\/latest-posts\";i:5;s:20:\"core\/latest-comments\";i:6;s:13:\"core\/archives\";i:7;s:15:\"core\/categories\";}s:8:\"uag_flag\";b:0;s:11:\"uag_version\";s:10:\"1776737722\";s:6:\"gfonts\";a:0:{}s:10:\"gfonts_url\";s:0:\"\";s:12:\"gfonts_files\";a:0:{}s:14:\"uag_faq_layout\";b:0;}"]},"uagb_featured_image_src":{"full":false,"thumbnail":false,"medium":false,"medium_large":false,"large":false,"1536x1536":false,"2048x2048":false,"woocommerce_thumbnail":false,"woocommerce_single":false,"woocommerce_gallery_thumbnail":false},"uagb_author_info":{"display_name":"catab","author_link":"https:\/\/campaign.burri-solar.ch\/fr\/author\/catab\/"},"uagb_comment_info":0,"uagb_excerpt":"Exploitant du site web Burri Solar S\u00e0rlErlenstrasse 482555 Br\u00fcgg BESuisse E-mail : info@burri-solar.chT\u00e9l\u00e9phone : +41 79 782 58 54 Si [&hellip;]","_links":{"self":[{"href":"https:\/\/campaign.burri-solar.ch\/fr\/wp-json\/wp\/v2\/pages\/1187","targetHints":{"allow":["GET"]}}],"collection":[{"href":"https:\/\/campaign.burri-solar.ch\/fr\/wp-json\/wp\/v2\/pages"}],"about":[{"href":"https:\/\/campaign.burri-solar.ch\/fr\/wp-json\/wp\/v2\/types\/page"}],"author":[{"embeddable":true,"href":"https:\/\/campaign.burri-solar.ch\/fr\/wp-json\/wp\/v2\/users\/1"}],"replies":[{"embeddable":true,"href":"https:\/\/campaign.burri-solar.ch\/fr\/wp-json\/wp\/v2\/comments?post=1187"}],"version-history":[{"count":2,"href":"https:\/\/campaign.burri-solar.ch\/fr\/wp-json\/wp\/v2\/pages\/1187\/revisions"}],"predecessor-version":[{"id":1262,"href":"https:\/\/campaign.burri-solar.ch\/fr\/wp-json\/wp\/v2\/pages\/1187\/revisions\/1262"}],"wp:attachment":[{"href":"https:\/\/campaign.burri-solar.ch\/fr\/wp-json\/wp\/v2\/media?parent=1187"}],"curies":[{"name":"wp","href":"https:\/\/api.w.org\/{rel}","templated":true}]}}